{"id":92,"date":"2024-02-08T14:27:51","date_gmt":"2024-02-08T12:27:51","guid":{"rendered":"https:\/\/eastsidemedia.fi\/sivusto\/?page_id=92"},"modified":"2025-02-08T00:06:06","modified_gmt":"2025-02-07T22:06:06","slug":"tarina","status":"publish","type":"page","link":"https:\/\/eastsidemedia.fi\/sivusto\/tarina\/","title":{"rendered":"Tarina"},"content":{"rendered":"\n<figure class=\"wp-block-image size-full\"><img loading=\"lazy\" decoding=\"async\" width=\"1024\" height=\"239\" src=\"https:\/\/eastsidemedia.fi\/sivusto\/wp-content\/uploads\/2024\/02\/road-1024x239-1.jpg\" alt=\"\" class=\"wp-image-95\" srcset=\"https:\/\/eastsidemedia.fi\/sivusto\/wp-content\/uploads\/2024\/02\/road-1024x239-1.jpg 1024w, https:\/\/eastsidemedia.fi\/sivusto\/wp-content\/uploads\/2024\/02\/road-1024x239-1-300x70.jpg 300w, https:\/\/eastsidemedia.fi\/sivusto\/wp-content\/uploads\/2024\/02\/road-1024x239-1-768x179.jpg 768w\" sizes=\"auto, (max-width: 1024px) 100vw, 1024px\" \/><\/figure>\n\n\n\n<p><strong>East Side Median<\/strong> teht\u00e4v\u00e4 on tarjota laadukkaita toimitus- ja k\u00e4\u00e4nn\u00f6spalveluita yrityksille ja yhteis\u00f6ille helposti, luotettavasti ja tehokkaasti.<\/p>\n\n\n\n<p>Ammattimainen uutisty\u00f6ni juontaa aina vuoteen 1999, jolloin aloitin vakituiset ty\u00f6t. Opiskelin tuolloin viel\u00e4 Jyv\u00e4skyl\u00e4n yliopistossa. Gradua vaille valmiiksi maisteriksi en tohtinut j\u00e4\u00e4d\u00e4, ja sainkin paperit ulos pari vuotta my\u00f6hemmin.<\/p>\n\n\n\n<p>Nautin kovasti suurl\u00e4hetyst\u00f6maailmassa ja my\u00f6hemmin elinkeinoel\u00e4m\u00e4ss\u00e4 ty\u00f6skentelyst\u00e4. Veri alkoi kuitenkin vet\u00e4\u00e4 yritt\u00e4miseen \u2013 helmikuussa 2008 <a href=\"https:\/\/tietopalvelu.ytj.fi\/yritys\/2177799-4\" target=\"_blank\" rel=\"noreferrer noopener\">yritykseni y-tunnus<\/a> merkittiin virallisiin kirjoihin ja kansiin ensimm\u00e4isen kerran.<\/p>\n\n\n\n<p>Tuolloin hanke kulki viel\u00e4 mielikuvituksekkaalla nimell\u00e4 Tmi Pasi Tuominen. Olin tehnyt urheilun ja musiikin alalla kirjoitust\u00f6it\u00e4 jo muutaman vuoden ajan kuukausipalkkaisten t\u00f6iden ohella. Alkoi n\u00e4ytt\u00e4\u00e4 silt\u00e4, ett\u00e4 luovan alan t\u00f6iss\u00e4 on ainesta ihan oikeaksi elinkeinoksi.<\/p>\n\n\n\n<p>Lopullinen oravanpy\u00f6r\u00e4st\u00e4 hypp\u00e4\u00e4minen toteutui vihdoin marraskuussa 2008, kun muutimme vaimoni kanssa Washingtoniin ja elinkeinonharjoittamisesta tuli p\u00e4\u00e4ty\u00f6ni.<\/p>\n\n\n\n<p>T\u00e4t\u00e4 loikkaa ei ole tarvinnut katua p\u00e4iv\u00e4\u00e4k\u00e4\u00e4n. Tunnen valtavasti ylpeytt\u00e4 siit\u00e4, ett\u00e4 voin yritt\u00e4j\u00e4n\u00e4 tuottaa hy\u00f6dyllisen panoksen asiakkailleni. Vaikka euron eteen saa tehd\u00e4 rajummin t\u00f6it\u00e4 kuin ty\u00f6suhteessa ja lomatkin ovat v\u00e4hiss\u00e4, yritt\u00e4j\u00e4n vapaus on se, mit\u00e4 en vaihtaisi pois.<\/p>\n\n\n\n<p>Washingtonissa ja New Yorkissa toimin NHL-kirjeenvaihtajana useiden vuosien ajan, ja urheilu on muutenkin ollut hyvin vahvassa asemassa East Side Median tarjonnassa. Kes\u00e4ll\u00e4 2021 aloitin <a href=\"http:\/\/nhl.com\/fi\" data-type=\"link\" data-id=\"nhl.com\/fi\" target=\"_blank\" rel=\"noreferrer noopener\">NHL:n virallisen median<\/a> toimittajana, ja tunsin tulleeni kotiin.<\/p>\n\n\n\n<p>Musiikissa lempilapseni on <a href=\"http:\/\/blues-finland.com\" data-type=\"link\" data-id=\"blues-finland.com\" target=\"_blank\" rel=\"noreferrer noopener\">Blues-Finland.com<\/a>, jonka perustin vuonna 2006. Musaty\u00f6t ovat vieneet minua Hangosta Saarisel\u00e4lle ja Mississipin suistolta San Franciscoon.<\/p>\n\n\n\n<p>Kotimaan uutisia ja ulkomaiden tapahtumia ole k\u00e4sitellyt esimerkiksi uutistoimittajana ja <a href=\"https:\/\/eastsidemedia.fi\/sivusto\/aanityo\/\" data-type=\"page\" data-id=\"38\">radiouutisten \u00e4\u00e4nen\u00e4<\/a>.<\/p>\n\n\n\n<p>My\u00f6s k\u00e4\u00e4nn\u00f6sty\u00f6n osuus on ollut jatkuvasti merkitt\u00e4v\u00e4. Minulla oli kunnia ty\u00f6skennell\u00e4 BBC:n legendaarisen autoilumedian Top Gearin suomenkielisen lehden k\u00e4\u00e4nt\u00e4j\u00e4n\u00e4 sen ensimm\u00e4isest\u00e4 numerosta l\u00e4htien. Tietotekniikan osuus k\u00e4\u00e4nn\u00f6sty\u00f6ss\u00e4 on kasvanut jatkuvasti. Microsoftin, Lenovon ja Amazonin kaltaisten br\u00e4ndien tukeminen k\u00e4\u00e4nn\u00f6st\u00f6in on ollut inspiroiva kokemus.<\/p>\n\n\n\n<p>Monien ulkomaanvuosien j\u00e4lkeen tein t\u00f6it\u00e4 Helsingist\u00e4 k\u00e4sin 2020-24, kunnes tammikuussa 2025 palasin Pohjois-Amerikkaan, t\u00e4ll\u00e4 kertaa Ottawaan.<\/p>\n\n\n\n<p>Olen jatkuvasti avoin uusille projekteille, joten ota yhteytt\u00e4!<\/p>\n\n\n\n<p>Pasi Tuominen<\/p>\n\n\n\n<p><strong>s\u00e4hk\u00f6posti<\/strong>:<br>info (at) pasituominen .com<\/p>\n\n\n\n<h2 class=\"wp-block-heading\">Tutustu East Side Median palveluihin<\/h2>\n\n\n\n<ul class=\"wp-block-list\">\n<li><strong><a href=\"https:\/\/eastsidemedia.fi\/sivusto\/toimittaja\/\" data-type=\"page\" data-id=\"32\">Toimitusty\u00f6<\/a><\/strong><\/li>\n\n\n\n<li><strong><a href=\"https:\/\/eastsidemedia.fi\/sivusto\/kaantaja\/\" data-type=\"page\" data-id=\"35\">K\u00e4\u00e4nn\u00f6sty\u00f6 ja muut kielipalvelut<\/a><\/strong><\/li>\n\n\n\n<li><strong><a href=\"https:\/\/eastsidemedia.fi\/sivusto\/aanityo\/\" data-type=\"page\" data-id=\"38\">\u00c4\u00e4nity\u00f6<\/a><\/strong><\/li>\n<\/ul>\n","protected":false},"excerpt":{"rendered":"<p>East Side Median teht\u00e4v\u00e4 on tarjota laadukkaita toimitus- ja k\u00e4\u00e4nn\u00f6spalveluita yrityksille ja yhteis\u00f6ille helposti, luotettavasti ja tehokkaasti. Ammattimainen uutisty\u00f6ni juontaa aina vuoteen 1999, jolloin aloitin vakituiset ty\u00f6t. Opiskelin tuolloin viel\u00e4 Jyv\u00e4skyl\u00e4n yliopistossa. Gradua vaille valmiiksi maisteriksi en tohtinut j\u00e4\u00e4d\u00e4, ja sainkin paperit ulos pari vuotta my\u00f6hemmin. Nautin kovasti suurl\u00e4hetyst\u00f6maailmassa ja my\u00f6hemmin elinkeinoel\u00e4m\u00e4ss\u00e4 ty\u00f6skentelyst\u00e4. Veri alkoi [&hellip;]<\/p>\n","protected":false},"author":1,"featured_media":0,"parent":0,"menu_order":0,"comment_status":"closed","ping_status":"closed","template":"","meta":{"footnotes":""},"class_list":["post-92","page","type-page","status-publish","hentry"],"_links":{"self":[{"href":"https:\/\/eastsidemedia.fi\/sivusto\/wp-json\/wp\/v2\/pages\/92","targetHints":{"allow":["GET"]}}],"collection":[{"href":"https:\/\/eastsidemedia.fi\/sivusto\/wp-json\/wp\/v2\/pages"}],"about":[{"href":"https:\/\/eastsidemedia.fi\/sivusto\/wp-json\/wp\/v2\/types\/page"}],"author":[{"embeddable":true,"href":"https:\/\/eastsidemedia.fi\/sivusto\/wp-json\/wp\/v2\/users\/1"}],"replies":[{"embeddable":true,"href":"https:\/\/eastsidemedia.fi\/sivusto\/wp-json\/wp\/v2\/comments?post=92"}],"version-history":[{"count":13,"href":"https:\/\/eastsidemedia.fi\/sivusto\/wp-json\/wp\/v2\/pages\/92\/revisions"}],"predecessor-version":[{"id":179,"href":"https:\/\/eastsidemedia.fi\/sivusto\/wp-json\/wp\/v2\/pages\/92\/revisions\/179"}],"wp:attachment":[{"href":"https:\/\/eastsidemedia.fi\/sivusto\/wp-json\/wp\/v2\/media?parent=92"}],"curies":[{"name":"wp","href":"https:\/\/api.w.org\/{rel}","templated":true}]}}