{"id":7,"date":"2024-02-07T16:27:29","date_gmt":"2024-02-07T14:27:29","guid":{"rendered":"http:\/\/www.eastsidemedia.fi\/sivusto\/?page_id=7"},"modified":"2025-02-08T00:10:14","modified_gmt":"2025-02-07T22:10:14","slug":"esittely","status":"publish","type":"page","link":"https:\/\/eastsidemedia.fi\/sivusto\/","title":{"rendered":"East Side Media"},"content":{"rendered":"\n<p>East Side Media tarjoaa toimitusty\u00f6n, tiedotuksen, k\u00e4\u00e4nn\u00f6sty\u00f6n ja \u00e4\u00e4nity\u00f6n palvelut helposti, luotettavasti ja tehokkaasti.<\/p>\n\n\n\n<p><strong>Esimerkkej\u00e4 palveluistamme:<\/strong><\/p>\n\n\n\n<ul class=\"wp-block-list\">\n<li>tiedotteet<br><\/li>\n\n\n\n<li>oikoluku, kielentarkistus, editointi<br><\/li>\n\n\n\n<li>k\u00e4\u00e4nn\u00f6kset ja ohjelmatekstitys englannista suomeen<br><\/li>\n\n\n\n<li>toimitusty\u00f6: uutisointi, analyysit, reportaasit, haastattelut<br><\/li>\n\n\n\n<li>\u00e4\u00e4nity\u00f6 lukijana\/kertojana<\/li>\n<\/ul>\n\n\n\n<p><strong>Tee tarjouspyynt\u00f6:<\/strong><\/p>\n\n\n\n<p>East Side Media, Pasi Tuominen<\/p>\n\n\n\n<p>135 Laurier Avenue W<\/p>\n\n\n\n<p>Ottawa, Ontario K1P 5J2, Kanada<\/p>\n\n\n\n<p>Puh. ja Whatsapp: 041 5163 111<\/p>\n\n\n\n<p>S\u00e4hk\u00f6posti: info (at) pasituominen . com <\/p>\n\n\n\n<p><strong>Lis\u00e4tiedot palveluista<\/strong>:<\/p>\n\n\n\n<ul class=\"wp-block-list\">\n<li><a href=\"https:\/\/eastsidemedia.fi\/sivusto\/toimittaja\/\" data-type=\"page\" data-id=\"32\">Toimitusty\u00f6<\/a><\/li>\n\n\n\n<li><a href=\"https:\/\/eastsidemedia.fi\/sivusto\/kaantaja\/\" data-type=\"page\" data-id=\"35\">K\u00e4\u00e4nn\u00f6sty\u00f6 ja kielentarkistus<\/a><\/li>\n\n\n\n<li><a href=\"https:\/\/eastsidemedia.fi\/sivusto\/aanityo\/\" data-type=\"page\" data-id=\"38\">\u00c4\u00e4nity\u00f6<\/a><\/li>\n<\/ul>\n\n\n\n<p><strong>Referenssej\u00e4<\/strong>: NHL, Microsoft, Google, Spotify, Iltalehti, MTV, Radio Nova, Top Gear, Yamaha, Amazon, New York Rangers, Uusi Suomi<\/p>\n","protected":false},"excerpt":{"rendered":"<p>East Side Media tarjoaa toimitusty\u00f6n, tiedotuksen, k\u00e4\u00e4nn\u00f6sty\u00f6n ja \u00e4\u00e4nity\u00f6n palvelut helposti, luotettavasti ja tehokkaasti. Esimerkkej\u00e4 palveluistamme: Tee tarjouspyynt\u00f6: East Side Media, Pasi Tuominen 135 Laurier Avenue W Ottawa, Ontario K1P 5J2, Kanada Puh. ja Whatsapp: 041 5163 111 S\u00e4hk\u00f6posti: info (at) pasituominen . com Lis\u00e4tiedot palveluista: Referenssej\u00e4: NHL, Microsoft, Google, Spotify, Iltalehti, MTV, Radio Nova, [&hellip;]<\/p>\n","protected":false},"author":1,"featured_media":170,"parent":0,"menu_order":0,"comment_status":"closed","ping_status":"closed","template":"","meta":{"footnotes":""},"class_list":["post-7","page","type-page","status-publish","has-post-thumbnail","hentry"],"_links":{"self":[{"href":"https:\/\/eastsidemedia.fi\/sivusto\/wp-json\/wp\/v2\/pages\/7","targetHints":{"allow":["GET"]}}],"collection":[{"href":"https:\/\/eastsidemedia.fi\/sivusto\/wp-json\/wp\/v2\/pages"}],"about":[{"href":"https:\/\/eastsidemedia.fi\/sivusto\/wp-json\/wp\/v2\/types\/page"}],"author":[{"embeddable":true,"href":"https:\/\/eastsidemedia.fi\/sivusto\/wp-json\/wp\/v2\/users\/1"}],"replies":[{"embeddable":true,"href":"https:\/\/eastsidemedia.fi\/sivusto\/wp-json\/wp\/v2\/comments?post=7"}],"version-history":[{"count":12,"href":"https:\/\/eastsidemedia.fi\/sivusto\/wp-json\/wp\/v2\/pages\/7\/revisions"}],"predecessor-version":[{"id":181,"href":"https:\/\/eastsidemedia.fi\/sivusto\/wp-json\/wp\/v2\/pages\/7\/revisions\/181"}],"wp:featuredmedia":[{"embeddable":true,"href":"https:\/\/eastsidemedia.fi\/sivusto\/wp-json\/wp\/v2\/media\/170"}],"wp:attachment":[{"href":"https:\/\/eastsidemedia.fi\/sivusto\/wp-json\/wp\/v2\/media?parent=7"}],"curies":[{"name":"wp","href":"https:\/\/api.w.org\/{rel}","templated":true}]}}