{"id":44,"date":"2024-02-08T10:46:29","date_gmt":"2024-02-08T08:46:29","guid":{"rendered":"http:\/\/eastsidemedia.fi\/sivusto\/?page_id=44"},"modified":"2025-02-08T00:09:41","modified_gmt":"2025-02-07T22:09:41","slug":"yhteystiedot","status":"publish","type":"page","link":"https:\/\/eastsidemedia.fi\/sivusto\/yhteystiedot\/","title":{"rendered":"Yhteystiedot"},"content":{"rendered":"\n<p><strong>Tee tarjouspyynt\u00f6 tai ota muuten yhteytt\u00e4:<\/strong><\/p>\n\n\n\n<p><strong>East Side Media, Pasi Tuominen<\/strong><\/p>\n\n\n\n<p>135 Laurier Avenue W, Ottawa, Ontario K1P 5J2, Kanada<\/p>\n\n\n\n<p>East Side Median toimisto sijaitsee <a href=\"https:\/\/www.ottawa.ca\/\" data-type=\"link\" data-id=\"https:\/\/www.ottawa.ca\/\" target=\"_blank\" rel=\"noreferrer noopener\">Kanadan p\u00e4\u00e4kaupungin Ottawan<\/a> keskustassa.<\/p>\n\n\n\n<p>Puhelin ja Whatsapp: 041 5163 111<\/p>\n\n\n\n<p>S\u00e4hk\u00f6posti: info (at) pasituominen . com<\/p>\n\n\n\n<p><strong>Tutustu East Side Median palveluihin<\/strong>:<\/p>\n\n\n\n<ul class=\"wp-block-list\">\n<li><a href=\"https:\/\/eastsidemedia.fi\/sivusto\/toimittaja\/\" data-type=\"page\" data-id=\"32\">Toimitusty\u00f6<\/a><\/li>\n<\/ul>\n\n\n\n<ul class=\"wp-block-list\">\n<li><a href=\"https:\/\/eastsidemedia.fi\/sivusto\/kaantaja\/\" data-type=\"page\" data-id=\"35\">K\u00e4\u00e4nn\u00f6sty\u00f6 ja kielentarkistus<\/a><\/li>\n<\/ul>\n\n\n\n<ul class=\"wp-block-list\">\n<li><a href=\"https:\/\/eastsidemedia.fi\/sivusto\/aanityo\/\" data-type=\"page\" data-id=\"38\">\u00c4\u00e4nity\u00f6<\/a><\/li>\n<\/ul>\n","protected":false},"excerpt":{"rendered":"<p>Tee tarjouspyynt\u00f6 tai ota muuten yhteytt\u00e4: East Side Media, Pasi Tuominen 135 Laurier Avenue W, Ottawa, Ontario K1P 5J2, Kanada East Side Median toimisto sijaitsee Kanadan p\u00e4\u00e4kaupungin Ottawan keskustassa. Puhelin ja Whatsapp: 041 5163 111 S\u00e4hk\u00f6posti: info (at) pasituominen . com Tutustu East Side Median palveluihin:<\/p>\n","protected":false},"author":1,"featured_media":176,"parent":0,"menu_order":0,"comment_status":"closed","ping_status":"closed","template":"","meta":{"footnotes":""},"class_list":["post-44","page","type-page","status-publish","has-post-thumbnail","hentry"],"_links":{"self":[{"href":"https:\/\/eastsidemedia.fi\/sivusto\/wp-json\/wp\/v2\/pages\/44","targetHints":{"allow":["GET"]}}],"collection":[{"href":"https:\/\/eastsidemedia.fi\/sivusto\/wp-json\/wp\/v2\/pages"}],"about":[{"href":"https:\/\/eastsidemedia.fi\/sivusto\/wp-json\/wp\/v2\/types\/page"}],"author":[{"embeddable":true,"href":"https:\/\/eastsidemedia.fi\/sivusto\/wp-json\/wp\/v2\/users\/1"}],"replies":[{"embeddable":true,"href":"https:\/\/eastsidemedia.fi\/sivusto\/wp-json\/wp\/v2\/comments?post=44"}],"version-history":[{"count":7,"href":"https:\/\/eastsidemedia.fi\/sivusto\/wp-json\/wp\/v2\/pages\/44\/revisions"}],"predecessor-version":[{"id":180,"href":"https:\/\/eastsidemedia.fi\/sivusto\/wp-json\/wp\/v2\/pages\/44\/revisions\/180"}],"wp:featuredmedia":[{"embeddable":true,"href":"https:\/\/eastsidemedia.fi\/sivusto\/wp-json\/wp\/v2\/media\/176"}],"wp:attachment":[{"href":"https:\/\/eastsidemedia.fi\/sivusto\/wp-json\/wp\/v2\/media?parent=44"}],"curies":[{"name":"wp","href":"https:\/\/api.w.org\/{rel}","templated":true}]}}