{"id":35,"date":"2024-02-08T10:40:10","date_gmt":"2024-02-08T08:40:10","guid":{"rendered":"http:\/\/eastsidemedia.fi\/sivusto\/?page_id=35"},"modified":"2024-03-06T13:37:30","modified_gmt":"2024-03-06T11:37:30","slug":"kaantaja","status":"publish","type":"page","link":"https:\/\/eastsidemedia.fi\/sivusto\/kaantaja\/","title":{"rendered":"Kielipalvelut"},"content":{"rendered":"<p>East Side Medialla on useiden vuosien kokemus englanti-suomi-k\u00e4\u00e4nn\u00f6ksist\u00e4. Tarjoamme niin tekstien k\u00e4\u00e4nn\u00f6ksi\u00e4 kuin ohjelmatekstityst\u00e4.<\/p>\n<p>Meilt\u00e4 saat my\u00f6s oikoluku- ja kielentarkistuspalvelut.<\/p>\n\n<p><strong>Tietotekniikkak\u00e4\u00e4nn\u00f6sten referenssej\u00e4<\/strong>: Microsoft, Lenovo, Spotify, Hewlett-Packard, Lexmark, Epson\n\n<p><strong>Muita k\u00e4\u00e4nn\u00f6sty\u00f6n ja ohjelmatekstityksen referenssej\u00e4<\/strong>: BBC, ITV, Renault, Ford, Nissan, Top Gear Suomi, Yamaha, Expedia, FourFourTwo<\/p>\n\n\n<p><strong>Kysy kielipalveluista tai tee tarjouspyynt\u00f6:<\/strong><\/p>\n\n\n\n<ul class=\"wp-block-list\">\n<li>info (at) pasituominen . com<\/li>\n\n\n\n<li>Puhelin ja Whatsapp: 041 5163 111<\/li>\n<\/ul>\n\n\n\n<p><strong>Tutustu my\u00f6s East Side Median muihin palveluihin<\/strong>:<\/p>\n\n\n\n<ul class=\"wp-block-list\">\n<li><a href=\"https:\/\/eastsidemedia.fi\/sivusto\/toimittaja\/\" data-type=\"page\" data-id=\"32\">Toimitusty\u00f6<\/a><\/li>\n<\/ul>\n\n\n\n<ul class=\"wp-block-list\">\n<li><a href=\"https:\/\/eastsidemedia.fi\/sivusto\/aanityo\/\" data-type=\"page\" data-id=\"38\">\u00c4\u00e4nity\u00f6<\/a><\/li>\n<\/ul>\n","protected":false},"excerpt":{"rendered":"<p>East Side Medialla on useiden vuosien kokemus englanti-suomi-k\u00e4\u00e4nn\u00f6ksist\u00e4. Tarjoamme niin tekstien k\u00e4\u00e4nn\u00f6ksi\u00e4 kuin ohjelmatekstityst\u00e4. Meilt\u00e4 saat my\u00f6s oikoluku- ja kielentarkistuspalvelut. Tietotekniikkak\u00e4\u00e4nn\u00f6sten referenssej\u00e4: Microsoft, Lenovo, Spotify, Hewlett-Packard, Lexmark, Epson Muita k\u00e4\u00e4nn\u00f6sty\u00f6n ja ohjelmatekstityksen referenssej\u00e4: BBC, ITV, Renault, Ford, Nissan, Top Gear Suomi, Yamaha, Expedia, FourFourTwo Kysy kielipalveluista tai tee tarjouspyynt\u00f6: Tutustu my\u00f6s East Side Median muihin [&hellip;]<\/p>\n","protected":false},"author":1,"featured_media":0,"parent":0,"menu_order":0,"comment_status":"closed","ping_status":"closed","template":"","meta":{"footnotes":""},"class_list":["post-35","page","type-page","status-publish","hentry"],"_links":{"self":[{"href":"https:\/\/eastsidemedia.fi\/sivusto\/wp-json\/wp\/v2\/pages\/35","targetHints":{"allow":["GET"]}}],"collection":[{"href":"https:\/\/eastsidemedia.fi\/sivusto\/wp-json\/wp\/v2\/pages"}],"about":[{"href":"https:\/\/eastsidemedia.fi\/sivusto\/wp-json\/wp\/v2\/types\/page"}],"author":[{"embeddable":true,"href":"https:\/\/eastsidemedia.fi\/sivusto\/wp-json\/wp\/v2\/users\/1"}],"replies":[{"embeddable":true,"href":"https:\/\/eastsidemedia.fi\/sivusto\/wp-json\/wp\/v2\/comments?post=35"}],"version-history":[{"count":7,"href":"https:\/\/eastsidemedia.fi\/sivusto\/wp-json\/wp\/v2\/pages\/35\/revisions"}],"predecessor-version":[{"id":151,"href":"https:\/\/eastsidemedia.fi\/sivusto\/wp-json\/wp\/v2\/pages\/35\/revisions\/151"}],"wp:attachment":[{"href":"https:\/\/eastsidemedia.fi\/sivusto\/wp-json\/wp\/v2\/media?parent=35"}],"curies":[{"name":"wp","href":"https:\/\/api.w.org\/{rel}","templated":true}]}}